{"id":188,"date":"2025-07-16T09:03:59","date_gmt":"2025-07-16T09:03:59","guid":{"rendered":"https:\/\/perform.erasmus.site\/?page_id=188"},"modified":"2025-11-14T17:44:22","modified_gmt":"2025-11-14T17:44:22","slug":"perform-wp5-methodology-and-curriculum","status":"publish","type":"page","link":"https:\/\/perform.erasmus.site\/pl\/perform-wp5-methodology-and-curriculum\/","title":{"rendered":"Metodologia i program nauczania w zakresie kszta\u0142cenia i szkolenia zawodowego dla nauczycieli, mened\u017cer\u00f3w hotelarstwa i ekspert\u00f3w ds. zasob\u00f3w ludzkich"},"content":{"rendered":"\t\t<div data-elementor-type=\"wp-page\" data-elementor-id=\"188\" class=\"elementor elementor-188\">\n\t\t\t\t<div class=\"elementor-element elementor-element-276bedb e-flex e-con-boxed e-con e-parent\" data-id=\"276bedb\" data-element_type=\"container\" data-e-type=\"container\">\n\t\t\t\t\t<div class=\"e-con-inner\">\n\t\t\t\t<div class=\"elementor-element elementor-element-7c35d09 elementor-widget elementor-widget-text-editor\" data-id=\"7c35d09\" data-element_type=\"widget\" data-e-type=\"widget\" data-widget_type=\"text-editor.default\">\n\t\t\t\t<div class=\"elementor-widget-container\">\n\t\t\t\t\t\t\t\t\t<iframe title=\"Iframe Example\" src=\"\/wp-content\/wp5\/pl\/PERFORM_WP5_VET_METHODOLOGY_AND_CURRICULUM\/\" width=\"100%\" height=\"650\"><span style=\"display: inline-block; width: 0px; overflow: hidden; line-height: 0;\" data-mce-type=\"bookmark\" class=\"mce_SELRES_start\">\ufeff<\/span><span style=\"display: inline-block; width: 0px; overflow: hidden; line-height: 0;\" data-mce-type=\"bookmark\" class=\"mce_SELRES_start\">\ufeff<\/span><span style=\"display: inline-block; width: 0px; overflow: hidden; line-height: 0;\" data-mce-type=\"bookmark\" class=\"mce_SELRES_start\">\ufeff<\/span><\/iframe>\n<p style=\"text-align: center; margin-top:30px;\"><a class=\"btn btn-info\" role=\"button\" href=\"\/wp-content\/wp5\/pl\/PERFORM_WP5_VET_METHODOLOGY_AND_CURRICULUM.pdf\" download=\"\">Pobierz PDF<\/a><\/p>\n\t\t\t\t\t\t\t\t<\/div>\n\t\t\t\t<\/div>\n\t\t\t\t<div class=\"elementor-element elementor-element-626530c elementor-widget-divider--view-line elementor-widget elementor-widget-divider\" data-id=\"626530c\" data-element_type=\"widget\" data-e-type=\"widget\" data-widget_type=\"divider.default\">\n\t\t\t\t<div class=\"elementor-widget-container\">\n\t\t\t\t\t\t\t<div class=\"elementor-divider\">\n\t\t\t<span class=\"elementor-divider-separator\">\n\t\t\t\t\t\t<\/span>\n\t\t<\/div>\n\t\t\t\t\t\t<\/div>\n\t\t\t\t<\/div>\n\t\t\t\t\t<\/div>\n\t\t\t\t<\/div>\n\t\t<div class=\"elementor-element elementor-element-3721142 e-flex e-con-boxed e-con e-parent\" data-id=\"3721142\" data-element_type=\"container\" data-e-type=\"container\">\n\t\t\t\t\t<div class=\"e-con-inner\">\n\t\t\t\t<div class=\"elementor-element elementor-element-a4cc280 elementor-widget elementor-widget-heading\" data-id=\"a4cc280\" data-element_type=\"widget\" data-e-type=\"widget\" data-widget_type=\"heading.default\">\n\t\t\t\t<div class=\"elementor-widget-container\">\n\t\t\t\t\t<h2 class=\"elementor-heading-title elementor-size-default\">Wybierz modu\u0142:<\/h2>\t\t\t\t<\/div>\n\t\t\t\t<\/div>\n\t\t\t\t\t<\/div>\n\t\t\t\t<\/div>\n\t\t<div class=\"elementor-element elementor-element-fc97a26 e-grid e-con-boxed e-con e-parent\" data-id=\"fc97a26\" data-element_type=\"container\" data-e-type=\"container\">\n\t\t\t\t\t<div class=\"e-con-inner\">\n\t\t<div class=\"elementor-element elementor-element-9d6cb01 e-con-full e-flex e-con e-child\" data-id=\"9d6cb01\" data-element_type=\"container\" data-e-type=\"container\">\n\t\t\t\t<div class=\"elementor-element elementor-element-a8e1c20 elementor-widget elementor-widget-image\" data-id=\"a8e1c20\" data-element_type=\"widget\" data-e-type=\"widget\" data-widget_type=\"image.default\">\n\t\t\t\t<div class=\"elementor-widget-container\">\n\t\t\t\t\t\t\t\t\t\t\t\t\t\t\t<img decoding=\"async\" width=\"200\" height=\"117\" src=\"https:\/\/perform.erasmus.site\/wp-content\/uploads\/2024\/04\/cropped-Perform_logo.webp\" class=\"attachment-large size-large wp-image-37\" alt=\"\" srcset=\"https:\/\/perform.erasmus.site\/wp-content\/uploads\/2024\/04\/cropped-Perform_logo.webp 200w, https:\/\/perform.erasmus.site\/wp-content\/uploads\/2024\/04\/cropped-Perform_logo-24x14.webp 24w, https:\/\/perform.erasmus.site\/wp-content\/uploads\/2024\/04\/cropped-Perform_logo-36x21.webp 36w, https:\/\/perform.erasmus.site\/wp-content\/uploads\/2024\/04\/cropped-Perform_logo-48x28.webp 48w\" sizes=\"(max-width: 200px) 100vw, 200px\" \/>\t\t\t\t\t\t\t\t\t\t\t\t\t\t\t<\/div>\n\t\t\t\t<\/div>\n\t\t\t\t<div class=\"elementor-element elementor-element-894ec15 elementor-widget elementor-widget-heading\" data-id=\"894ec15\" data-element_type=\"widget\" data-e-type=\"widget\" data-widget_type=\"heading.default\">\n\t\t\t\t<div class=\"elementor-widget-container\">\n\t\t\t\t\t<h2 class=\"elementor-heading-title elementor-size-default\">Modu\u0142 1 Autyzm w europejskiej polityce hotelarskiej i spo\u0142ecznej<\/h2>\t\t\t\t<\/div>\n\t\t\t\t<\/div>\n\t\t\t\t<div class=\"elementor-element elementor-element-891d5d0 elementor-align-center elementor-widget elementor-widget-button\" data-id=\"891d5d0\" data-element_type=\"widget\" data-e-type=\"widget\" data-widget_type=\"button.default\">\n\t\t\t\t<div class=\"elementor-widget-container\">\n\t\t\t\t\t\t\t\t\t<div class=\"elementor-button-wrapper\">\n\t\t\t\t\t<a class=\"elementor-button elementor-button-link elementor-size-sm\" href=\"\/module-1\" target=\"_blank\">\n\t\t\t\t\t\t<span class=\"elementor-button-content-wrapper\">\n\t\t\t\t\t\t\t\t\t<span class=\"elementor-button-text\">Otw\u00f3rz<\/span>\n\t\t\t\t\t<\/span>\n\t\t\t\t\t<\/a>\n\t\t\t\t<\/div>\n\t\t\t\t\t\t\t\t<\/div>\n\t\t\t\t<\/div>\n\t\t\t\t<\/div>\n\t\t<div class=\"elementor-element elementor-element-261f955 e-con-full e-flex e-con e-child\" data-id=\"261f955\" data-element_type=\"container\" data-e-type=\"container\">\n\t\t\t\t<div class=\"elementor-element elementor-element-2eac595 elementor-widget elementor-widget-image\" data-id=\"2eac595\" data-element_type=\"widget\" data-e-type=\"widget\" data-widget_type=\"image.default\">\n\t\t\t\t<div class=\"elementor-widget-container\">\n\t\t\t\t\t\t\t\t\t\t\t\t\t\t\t<img decoding=\"async\" width=\"200\" height=\"117\" src=\"https:\/\/perform.erasmus.site\/wp-content\/uploads\/2024\/04\/cropped-Perform_logo.webp\" class=\"attachment-large size-large wp-image-37\" alt=\"\" srcset=\"https:\/\/perform.erasmus.site\/wp-content\/uploads\/2024\/04\/cropped-Perform_logo.webp 200w, https:\/\/perform.erasmus.site\/wp-content\/uploads\/2024\/04\/cropped-Perform_logo-24x14.webp 24w, https:\/\/perform.erasmus.site\/wp-content\/uploads\/2024\/04\/cropped-Perform_logo-36x21.webp 36w, https:\/\/perform.erasmus.site\/wp-content\/uploads\/2024\/04\/cropped-Perform_logo-48x28.webp 48w\" sizes=\"(max-width: 200px) 100vw, 200px\" \/>\t\t\t\t\t\t\t\t\t\t\t\t\t\t\t<\/div>\n\t\t\t\t<\/div>\n\t\t\t\t<div class=\"elementor-element elementor-element-f74940d elementor-widget elementor-widget-heading\" data-id=\"f74940d\" data-element_type=\"widget\" data-e-type=\"widget\" data-widget_type=\"heading.default\">\n\t\t\t\t<div class=\"elementor-widget-container\">\n\t\t\t\t\t<h2 class=\"elementor-heading-title elementor-size-default\">Modu\u0142 2 Umiej\u0119tno\u015bci mi\u0119kkie w zarz\u0105dzaniu hotelarstwem\n<\/h2>\t\t\t\t<\/div>\n\t\t\t\t<\/div>\n\t\t\t\t<div class=\"elementor-element elementor-element-35e1043 elementor-align-center elementor-widget elementor-widget-button\" data-id=\"35e1043\" data-element_type=\"widget\" data-e-type=\"widget\" data-widget_type=\"button.default\">\n\t\t\t\t<div class=\"elementor-widget-container\">\n\t\t\t\t\t\t\t\t\t<div class=\"elementor-button-wrapper\">\n\t\t\t\t\t<a class=\"elementor-button elementor-button-link elementor-size-sm\" href=\"\/module-2\" target=\"_blank\">\n\t\t\t\t\t\t<span class=\"elementor-button-content-wrapper\">\n\t\t\t\t\t\t\t\t\t<span class=\"elementor-button-text\">Otw\u00f3rz<\/span>\n\t\t\t\t\t<\/span>\n\t\t\t\t\t<\/a>\n\t\t\t\t<\/div>\n\t\t\t\t\t\t\t\t<\/div>\n\t\t\t\t<\/div>\n\t\t\t\t<\/div>\n\t\t<div class=\"elementor-element elementor-element-aa5d966 e-con-full e-flex e-con e-child\" data-id=\"aa5d966\" data-element_type=\"container\" data-e-type=\"container\">\n\t\t\t\t<div class=\"elementor-element elementor-element-875be3f elementor-widget elementor-widget-image\" data-id=\"875be3f\" data-element_type=\"widget\" data-e-type=\"widget\" data-widget_type=\"image.default\">\n\t\t\t\t<div class=\"elementor-widget-container\">\n\t\t\t\t\t\t\t\t\t\t\t\t\t\t\t<img decoding=\"async\" width=\"200\" height=\"117\" src=\"https:\/\/perform.erasmus.site\/wp-content\/uploads\/2024\/04\/cropped-Perform_logo.webp\" class=\"attachment-large size-large wp-image-37\" alt=\"\" srcset=\"https:\/\/perform.erasmus.site\/wp-content\/uploads\/2024\/04\/cropped-Perform_logo.webp 200w, https:\/\/perform.erasmus.site\/wp-content\/uploads\/2024\/04\/cropped-Perform_logo-24x14.webp 24w, https:\/\/perform.erasmus.site\/wp-content\/uploads\/2024\/04\/cropped-Perform_logo-36x21.webp 36w, https:\/\/perform.erasmus.site\/wp-content\/uploads\/2024\/04\/cropped-Perform_logo-48x28.webp 48w\" sizes=\"(max-width: 200px) 100vw, 200px\" \/>\t\t\t\t\t\t\t\t\t\t\t\t\t\t\t<\/div>\n\t\t\t\t<\/div>\n\t\t\t\t<div class=\"elementor-element elementor-element-b87ed3e elementor-widget elementor-widget-heading\" data-id=\"b87ed3e\" data-element_type=\"widget\" data-e-type=\"widget\" data-widget_type=\"heading.default\">\n\t\t\t\t<div class=\"elementor-widget-container\">\n\t\t\t\t\t<h2 class=\"elementor-heading-title elementor-size-default\">Modu\u0142 3 Zarz\u0105dzanie \u015brodowiskiem pracy<\/h2>\t\t\t\t<\/div>\n\t\t\t\t<\/div>\n\t\t\t\t<div class=\"elementor-element elementor-element-01e1848 elementor-align-center elementor-widget elementor-widget-button\" data-id=\"01e1848\" data-element_type=\"widget\" data-e-type=\"widget\" data-widget_type=\"button.default\">\n\t\t\t\t<div class=\"elementor-widget-container\">\n\t\t\t\t\t\t\t\t\t<div class=\"elementor-button-wrapper\">\n\t\t\t\t\t<a class=\"elementor-button elementor-button-link elementor-size-sm\" href=\"\/module-3\" target=\"_blank\">\n\t\t\t\t\t\t<span class=\"elementor-button-content-wrapper\">\n\t\t\t\t\t\t\t\t\t<span class=\"elementor-button-text\">Otw\u00f3rz<\/span>\n\t\t\t\t\t<\/span>\n\t\t\t\t\t<\/a>\n\t\t\t\t<\/div>\n\t\t\t\t\t\t\t\t<\/div>\n\t\t\t\t<\/div>\n\t\t\t\t<\/div>\n\t\t\t\t\t<\/div>\n\t\t\t\t<\/div>\n\t\t<div class=\"elementor-element elementor-element-2f65671 e-grid e-con-boxed e-con e-parent\" data-id=\"2f65671\" data-element_type=\"container\" data-e-type=\"container\">\n\t\t\t\t\t<div class=\"e-con-inner\">\n\t\t<div class=\"elementor-element elementor-element-bead148 e-con-full e-flex e-con e-child\" data-id=\"bead148\" data-element_type=\"container\" data-e-type=\"container\">\n\t\t\t\t<div class=\"elementor-element elementor-element-3411375 elementor-widget elementor-widget-image\" data-id=\"3411375\" data-element_type=\"widget\" data-e-type=\"widget\" data-widget_type=\"image.default\">\n\t\t\t\t<div class=\"elementor-widget-container\">\n\t\t\t\t\t\t\t\t\t\t\t\t\t\t\t<img decoding=\"async\" width=\"200\" height=\"117\" src=\"https:\/\/perform.erasmus.site\/wp-content\/uploads\/2024\/04\/cropped-Perform_logo.webp\" class=\"attachment-large size-large wp-image-37\" alt=\"\" srcset=\"https:\/\/perform.erasmus.site\/wp-content\/uploads\/2024\/04\/cropped-Perform_logo.webp 200w, https:\/\/perform.erasmus.site\/wp-content\/uploads\/2024\/04\/cropped-Perform_logo-24x14.webp 24w, https:\/\/perform.erasmus.site\/wp-content\/uploads\/2024\/04\/cropped-Perform_logo-36x21.webp 36w, https:\/\/perform.erasmus.site\/wp-content\/uploads\/2024\/04\/cropped-Perform_logo-48x28.webp 48w\" sizes=\"(max-width: 200px) 100vw, 200px\" \/>\t\t\t\t\t\t\t\t\t\t\t\t\t\t\t<\/div>\n\t\t\t\t<\/div>\n\t\t\t\t<div class=\"elementor-element elementor-element-a621387 elementor-widget elementor-widget-heading\" data-id=\"a621387\" data-element_type=\"widget\" data-e-type=\"widget\" data-widget_type=\"heading.default\">\n\t\t\t\t<div class=\"elementor-widget-container\">\n\t\t\t\t\t<h2 class=\"elementor-heading-title elementor-size-default\">Modu\u0142 4 Zapewnienie wsparcia dla pracownik\u00f3w z autyzmem w sektorze hotelarskim<\/h2>\t\t\t\t<\/div>\n\t\t\t\t<\/div>\n\t\t\t\t<div class=\"elementor-element elementor-element-de3b1c6 elementor-align-center elementor-widget elementor-widget-button\" data-id=\"de3b1c6\" data-element_type=\"widget\" data-e-type=\"widget\" data-widget_type=\"button.default\">\n\t\t\t\t<div class=\"elementor-widget-container\">\n\t\t\t\t\t\t\t\t\t<div class=\"elementor-button-wrapper\">\n\t\t\t\t\t<a class=\"elementor-button elementor-button-link elementor-size-sm\" href=\"\/module-4\" target=\"_blank\">\n\t\t\t\t\t\t<span class=\"elementor-button-content-wrapper\">\n\t\t\t\t\t\t\t\t\t<span class=\"elementor-button-text\">Otw\u00f3rz<\/span>\n\t\t\t\t\t<\/span>\n\t\t\t\t\t<\/a>\n\t\t\t\t<\/div>\n\t\t\t\t\t\t\t\t<\/div>\n\t\t\t\t<\/div>\n\t\t\t\t<\/div>\n\t\t<div class=\"elementor-element elementor-element-bbca552 e-con-full e-flex e-con e-child\" data-id=\"bbca552\" data-element_type=\"container\" data-e-type=\"container\">\n\t\t\t\t<div class=\"elementor-element elementor-element-0242905 elementor-widget elementor-widget-image\" data-id=\"0242905\" data-element_type=\"widget\" data-e-type=\"widget\" data-widget_type=\"image.default\">\n\t\t\t\t<div class=\"elementor-widget-container\">\n\t\t\t\t\t\t\t\t\t\t\t\t\t\t\t<img decoding=\"async\" width=\"200\" height=\"117\" src=\"https:\/\/perform.erasmus.site\/wp-content\/uploads\/2024\/04\/cropped-Perform_logo.webp\" class=\"attachment-large size-large wp-image-37\" alt=\"\" srcset=\"https:\/\/perform.erasmus.site\/wp-content\/uploads\/2024\/04\/cropped-Perform_logo.webp 200w, https:\/\/perform.erasmus.site\/wp-content\/uploads\/2024\/04\/cropped-Perform_logo-24x14.webp 24w, https:\/\/perform.erasmus.site\/wp-content\/uploads\/2024\/04\/cropped-Perform_logo-36x21.webp 36w, https:\/\/perform.erasmus.site\/wp-content\/uploads\/2024\/04\/cropped-Perform_logo-48x28.webp 48w\" sizes=\"(max-width: 200px) 100vw, 200px\" \/>\t\t\t\t\t\t\t\t\t\t\t\t\t\t\t<\/div>\n\t\t\t\t<\/div>\n\t\t\t\t<div class=\"elementor-element elementor-element-9a245e6 elementor-widget elementor-widget-heading\" data-id=\"9a245e6\" data-element_type=\"widget\" data-e-type=\"widget\" data-widget_type=\"heading.default\">\n\t\t\t\t<div class=\"elementor-widget-container\">\n\t\t\t\t\t<h2 class=\"elementor-heading-title elementor-size-default\">Modu\u0142 5 Kodeks post\u0119powania<\/h2>\t\t\t\t<\/div>\n\t\t\t\t<\/div>\n\t\t\t\t<div class=\"elementor-element elementor-element-96e8dd9 elementor-align-center elementor-widget elementor-widget-button\" data-id=\"96e8dd9\" data-element_type=\"widget\" data-e-type=\"widget\" data-widget_type=\"button.default\">\n\t\t\t\t<div class=\"elementor-widget-container\">\n\t\t\t\t\t\t\t\t\t<div class=\"elementor-button-wrapper\">\n\t\t\t\t\t<a class=\"elementor-button elementor-button-link elementor-size-sm\" href=\"\/module-5\" target=\"_blank\">\n\t\t\t\t\t\t<span class=\"elementor-button-content-wrapper\">\n\t\t\t\t\t\t\t\t\t<span class=\"elementor-button-text\">Otw\u00f3rz<\/span>\n\t\t\t\t\t<\/span>\n\t\t\t\t\t<\/a>\n\t\t\t\t<\/div>\n\t\t\t\t\t\t\t\t<\/div>\n\t\t\t\t<\/div>\n\t\t\t\t<\/div>\n\t\t<div class=\"elementor-element elementor-element-1b6c7e8 e-con-full e-flex e-con e-child\" data-id=\"1b6c7e8\" data-element_type=\"container\" data-e-type=\"container\">\n\t\t\t\t<div class=\"elementor-element elementor-element-50ba84c elementor-widget elementor-widget-image\" data-id=\"50ba84c\" data-element_type=\"widget\" data-e-type=\"widget\" data-widget_type=\"image.default\">\n\t\t\t\t<div class=\"elementor-widget-container\">\n\t\t\t\t\t\t\t\t\t\t\t\t\t\t\t<img decoding=\"async\" width=\"200\" height=\"117\" src=\"https:\/\/perform.erasmus.site\/wp-content\/uploads\/2024\/04\/cropped-Perform_logo.webp\" class=\"attachment-large size-large wp-image-37\" alt=\"\" srcset=\"https:\/\/perform.erasmus.site\/wp-content\/uploads\/2024\/04\/cropped-Perform_logo.webp 200w, https:\/\/perform.erasmus.site\/wp-content\/uploads\/2024\/04\/cropped-Perform_logo-24x14.webp 24w, https:\/\/perform.erasmus.site\/wp-content\/uploads\/2024\/04\/cropped-Perform_logo-36x21.webp 36w, https:\/\/perform.erasmus.site\/wp-content\/uploads\/2024\/04\/cropped-Perform_logo-48x28.webp 48w\" sizes=\"(max-width: 200px) 100vw, 200px\" \/>\t\t\t\t\t\t\t\t\t\t\t\t\t\t\t<\/div>\n\t\t\t\t<\/div>\n\t\t\t\t<div class=\"elementor-element elementor-element-78b8afb elementor-widget elementor-widget-heading\" data-id=\"78b8afb\" data-element_type=\"widget\" data-e-type=\"widget\" data-widget_type=\"heading.default\">\n\t\t\t\t<div class=\"elementor-widget-container\">\n\t\t\t\t\t<h2 class=\"elementor-heading-title elementor-size-default\">Modu\u0142 6 Korzystanie z platformy PERFORM HR<\/h2>\t\t\t\t<\/div>\n\t\t\t\t<\/div>\n\t\t\t\t<div class=\"elementor-element elementor-element-92878e6 elementor-align-center elementor-widget elementor-widget-button\" data-id=\"92878e6\" data-element_type=\"widget\" data-e-type=\"widget\" data-widget_type=\"button.default\">\n\t\t\t\t<div class=\"elementor-widget-container\">\n\t\t\t\t\t\t\t\t\t<div class=\"elementor-button-wrapper\">\n\t\t\t\t\t<a class=\"elementor-button elementor-button-link elementor-size-sm\" href=\"\/module-6\" target=\"_blank\">\n\t\t\t\t\t\t<span class=\"elementor-button-content-wrapper\">\n\t\t\t\t\t\t\t\t\t<span class=\"elementor-button-text\">Otw\u00f3rz<\/span>\n\t\t\t\t\t<\/span>\n\t\t\t\t\t<\/a>\n\t\t\t\t<\/div>\n\t\t\t\t\t\t\t\t<\/div>\n\t\t\t\t<\/div>\n\t\t\t\t<\/div>\n\t\t\t\t\t<\/div>\n\t\t\t\t<\/div>\n\t\t\t\t<\/div>\n\t\t","protected":false},"excerpt":{"rendered":"<p>\ufeff\ufeff\ufeff Pobierz PDF Wybierz modu\u0142: Modu\u0142 1 Autyzm w europejskiej polityce hotelarskiej i spo\u0142ecznej Otw\u00f3rz Modu\u0142 2 Umiej\u0119tno\u015bci mi\u0119kkie w zarz\u0105dzaniu hotelarstwem Otw\u00f3rz Modu\u0142 3 Zarz\u0105dzanie \u015brodowiskiem pracy Otw\u00f3rz Modu\u0142 4 Zapewnienie wsparcia dla pracownik\u00f3w z autyzmem w sektorze hotelarskim Otw\u00f3rz Modu\u0142 5 Kodeks post\u0119powania Otw\u00f3rz Modu\u0142 6 Korzystanie z platformy PERFORM HR Otw\u00f3rz<\/p>\n","protected":false},"author":1,"featured_media":0,"parent":0,"menu_order":0,"comment_status":"closed","ping_status":"closed","template":"","meta":{"neve_meta_sidebar":"","neve_meta_container":"","neve_meta_enable_content_width":"off","neve_meta_content_width":100,"neve_meta_title_alignment":"","neve_meta_author_avatar":"","neve_post_elements_order":"","neve_meta_disable_header":"","neve_meta_disable_footer":"","neve_meta_disable_title":"","footnotes":""},"class_list":["post-188","page","type-page","status-publish","hentry"],"_links":{"self":[{"href":"https:\/\/perform.erasmus.site\/pl\/wp-json\/wp\/v2\/pages\/188","targetHints":{"allow":["GET"]}}],"collection":[{"href":"https:\/\/perform.erasmus.site\/pl\/wp-json\/wp\/v2\/pages"}],"about":[{"href":"https:\/\/perform.erasmus.site\/pl\/wp-json\/wp\/v2\/types\/page"}],"author":[{"embeddable":true,"href":"https:\/\/perform.erasmus.site\/pl\/wp-json\/wp\/v2\/users\/1"}],"replies":[{"embeddable":true,"href":"https:\/\/perform.erasmus.site\/pl\/wp-json\/wp\/v2\/comments?post=188"}],"version-history":[{"count":69,"href":"https:\/\/perform.erasmus.site\/pl\/wp-json\/wp\/v2\/pages\/188\/revisions"}],"predecessor-version":[{"id":434,"href":"https:\/\/perform.erasmus.site\/pl\/wp-json\/wp\/v2\/pages\/188\/revisions\/434"}],"wp:attachment":[{"href":"https:\/\/perform.erasmus.site\/pl\/wp-json\/wp\/v2\/media?parent=188"}],"curies":[{"name":"wp","href":"https:\/\/api.w.org\/{rel}","templated":true}]}}