{"id":31,"date":"2024-04-05T09:40:36","date_gmt":"2024-04-05T09:40:36","guid":{"rendered":"https:\/\/perform.erasmus.site\/?page_id=31"},"modified":"2025-11-14T12:52:23","modified_gmt":"2025-11-14T12:52:23","slug":"home","status":"publish","type":"page","link":"https:\/\/perform.erasmus.site\/it\/","title":{"rendered":"Home"},"content":{"rendered":"\t\t<div data-elementor-type=\"wp-page\" data-elementor-id=\"31\" class=\"elementor elementor-31\">\n\t\t\t\t<div class=\"elementor-element elementor-element-d10410e e-flex e-con-boxed e-con e-parent\" data-id=\"d10410e\" data-element_type=\"container\" data-e-type=\"container\" data-settings=\"{&quot;background_background&quot;:&quot;classic&quot;}\">\n\t\t\t\t\t<div class=\"e-con-inner\">\n\t\t<div class=\"elementor-element elementor-element-6246dc2 e-flex e-con-boxed elementor-invisible e-con e-child\" data-id=\"6246dc2\" data-element_type=\"container\" data-e-type=\"container\" data-settings=\"{&quot;animation&quot;:&quot;fadeInLeft&quot;}\">\n\t\t\t\t\t<div class=\"e-con-inner\">\n\t\t\t\t<div class=\"elementor-element elementor-element-6230e8e elementor-widget elementor-widget-heading\" data-id=\"6230e8e\" data-element_type=\"widget\" data-e-type=\"widget\" data-widget_type=\"heading.default\">\n\t\t\t\t<div class=\"elementor-widget-container\">\n\t\t\t\t\t<h2 class=\"elementor-heading-title elementor-size-default\">PERFORM: Sviluppo e fidelizzazione del personale autistico nell'ospitalit\u00e0<\/h2>\t\t\t\t<\/div>\n\t\t\t\t<\/div>\n\t\t\t\t<div class=\"elementor-element elementor-element-40db79d elementor-widget elementor-widget-heading\" data-id=\"40db79d\" data-element_type=\"widget\" data-e-type=\"widget\" data-widget_type=\"heading.default\">\n\t\t\t\t<div class=\"elementor-widget-container\">\n\t\t\t\t\t<h3 class=\"elementor-heading-title elementor-size-default\">Istruzione e formazione professionale<\/h3>\t\t\t\t<\/div>\n\t\t\t\t<\/div>\n\t\t\t\t<div class=\"elementor-element elementor-element-902940f elementor-widget elementor-widget-text-editor\" data-id=\"902940f\" data-element_type=\"widget\" data-e-type=\"widget\" data-widget_type=\"text-editor.default\">\n\t\t\t\t<div class=\"elementor-widget-container\">\n\t\t\t\t\t\t\t\t\t<p>Numero Progetto: 2023-1-IT01-KA220-VET-000152721<br \/>Durata del progetto 01.09.2023 \u2013 31.08.2025<\/span><\/span><\/span><\/p>\t\t\t\t\t\t\t\t<\/div>\n\t\t\t\t<\/div>\n\t\t\t\t\t<\/div>\n\t\t\t\t<\/div>\n\t\t\t\t\t<\/div>\n\t\t\t\t<\/div>\n\t\t<div class=\"elementor-element elementor-element-47fb3fa e-flex e-con-boxed e-con e-parent\" data-id=\"47fb3fa\" data-element_type=\"container\" data-e-type=\"container\">\n\t\t\t\t\t<div class=\"e-con-inner\">\n\t\t<div class=\"elementor-element elementor-element-d69df13 e-con-full e-flex elementor-invisible e-con e-child\" data-id=\"d69df13\" data-element_type=\"container\" data-e-type=\"container\" data-settings=\"{&quot;background_background&quot;:&quot;gradient&quot;,&quot;animation&quot;:&quot;fadeInLeft&quot;}\">\n\t\t\t\t<div class=\"elementor-element elementor-element-dc94952 elementor-widget elementor-widget-menu-anchor\" data-id=\"dc94952\" data-element_type=\"widget\" data-e-type=\"widget\" data-widget_type=\"menu-anchor.default\">\n\t\t\t\t<div class=\"elementor-widget-container\">\n\t\t\t\t\t\t\t<div class=\"elementor-menu-anchor\" id=\"about\"><\/div>\n\t\t\t\t\t\t<\/div>\n\t\t\t\t<\/div>\n\t\t\t\t<div class=\"elementor-element elementor-element-0ccf815 elementor-widget elementor-widget-heading\" data-id=\"0ccf815\" data-element_type=\"widget\" data-e-type=\"widget\" data-widget_type=\"heading.default\">\n\t\t\t\t<div class=\"elementor-widget-container\">\n\t\t\t\t\t<h2 class=\"elementor-heading-title elementor-size-default\">Il progetto<\/h2>\t\t\t\t<\/div>\n\t\t\t\t<\/div>\n\t\t\t\t<div class=\"elementor-element elementor-element-aa154bd elementor-widget elementor-widget-text-editor\" data-id=\"aa154bd\" data-element_type=\"widget\" data-e-type=\"widget\" data-widget_type=\"text-editor.default\">\n\t\t\t\t<div class=\"elementor-widget-container\">\n\t\t\t\t\t\t\t\t\t<p>Il progetto PERFORM si propone di:<\/p><ol><li>Fornire al management e ai Dipartimenti Sviluppo Risorse Umane operanti nel settore del turismo e ospitalit\u00e0 la formazione e gli strumenti per migliorare l&#8217;inclusione, lo sviluppo e la fidelizzazione del personale autistico, aumentandone la competitivit\u00e0, il valore, l&#8217;efficienza e il benessere generale dentro e fuori l&#8217;ambiente di lavoro.<\/li><li>Aumentare la produttivit\u00e0 dei dipendenti autistici nel settore del turismo e ospitalit\u00e0 fornendo strumenti pratici di monitoraggio, incoraggiando i dipendenti autistici ad assumere un ruolo attivo nel loro percorso professionale.<\/li><li>Ridurre il divario occupazionale tra il personale con disabilit\u00e0 e quello senza disabilit\u00e0 aumentando le opportunit\u00e0 di sviluppo professionale e lo sviluppo di competenze per le persone autistiche.<\/li><\/ol><p><\/p>\t\t\t\t\t\t\t\t<\/div>\n\t\t\t\t<\/div>\n\t\t\t\t<\/div>\n\t\t<div class=\"elementor-element elementor-element-51c6704 e-con-full e-flex e-con e-child\" data-id=\"51c6704\" data-element_type=\"container\" data-e-type=\"container\">\n\t\t\t\t<div class=\"elementor-element elementor-element-a04a8e0 elementor-invisible elementor-widget elementor-widget-image\" data-id=\"a04a8e0\" data-element_type=\"widget\" data-e-type=\"widget\" data-settings=\"{&quot;_animation&quot;:&quot;fadeInRight&quot;}\" data-widget_type=\"image.default\">\n\t\t\t\t<div class=\"elementor-widget-container\">\n\t\t\t\t\t\t\t\t\t\t\t\t\t\t\t<img fetchpriority=\"high\" decoding=\"async\" width=\"1024\" height=\"683\" src=\"https:\/\/perform.erasmus.site\/wp-content\/uploads\/2024\/04\/hands-holding-autism-word-mental-health-concept-world-autism-awareness-day-scaled-1024x683.webp\" class=\"attachment-large size-large wp-image-93\" alt=\"\" srcset=\"https:\/\/perform.erasmus.site\/wp-content\/uploads\/2024\/04\/hands-holding-autism-word-mental-health-concept-world-autism-awareness-day-scaled-1024x683.webp 1024w, https:\/\/perform.erasmus.site\/wp-content\/uploads\/2024\/04\/hands-holding-autism-word-mental-health-concept-world-autism-awareness-day-scaled-300x200.webp 300w, https:\/\/perform.erasmus.site\/wp-content\/uploads\/2024\/04\/hands-holding-autism-word-mental-health-concept-world-autism-awareness-day-scaled-768x512.webp 768w, https:\/\/perform.erasmus.site\/wp-content\/uploads\/2024\/04\/hands-holding-autism-word-mental-health-concept-world-autism-awareness-day-scaled-1536x1024.webp 1536w, https:\/\/perform.erasmus.site\/wp-content\/uploads\/2024\/04\/hands-holding-autism-word-mental-health-concept-world-autism-awareness-day-scaled-2048x1366.webp 2048w, https:\/\/perform.erasmus.site\/wp-content\/uploads\/2024\/04\/hands-holding-autism-word-mental-health-concept-world-autism-awareness-day-scaled-930x620.webp 930w, https:\/\/perform.erasmus.site\/wp-content\/uploads\/2024\/04\/hands-holding-autism-word-mental-health-concept-world-autism-awareness-day-scaled-24x16.webp 24w, https:\/\/perform.erasmus.site\/wp-content\/uploads\/2024\/04\/hands-holding-autism-word-mental-health-concept-world-autism-awareness-day-scaled-36x24.webp 36w, https:\/\/perform.erasmus.site\/wp-content\/uploads\/2024\/04\/hands-holding-autism-word-mental-health-concept-world-autism-awareness-day-scaled-48x32.webp 48w\" sizes=\"(max-width: 1024px) 100vw, 1024px\" \/>\t\t\t\t\t\t\t\t\t\t\t\t\t\t\t<\/div>\n\t\t\t\t<\/div>\n\t\t\t\t<\/div>\n\t\t\t\t\t<\/div>\n\t\t\t\t<\/div>\n\t\t<div class=\"elementor-element elementor-element-5cc8a1d e-flex e-con-boxed e-con e-parent\" data-id=\"5cc8a1d\" data-element_type=\"container\" data-e-type=\"container\">\n\t\t\t\t\t<div class=\"e-con-inner\">\n\t\t\t\t<div class=\"elementor-element elementor-element-4d90830 elementor-widget elementor-widget-menu-anchor\" data-id=\"4d90830\" data-element_type=\"widget\" data-e-type=\"widget\" data-widget_type=\"menu-anchor.default\">\n\t\t\t\t<div class=\"elementor-widget-container\">\n\t\t\t\t\t\t\t<div class=\"elementor-menu-anchor\" id=\"results\"><\/div>\n\t\t\t\t\t\t<\/div>\n\t\t\t\t<\/div>\n\t\t\t\t<div class=\"elementor-element elementor-element-f433cf1 elementor-widget elementor-widget-heading\" data-id=\"f433cf1\" data-element_type=\"widget\" data-e-type=\"widget\" data-widget_type=\"heading.default\">\n\t\t\t\t<div class=\"elementor-widget-container\">\n\t\t\t\t\t<h2 class=\"elementor-heading-title elementor-size-default\">Risultati del Progetto<\/h2>\t\t\t\t<\/div>\n\t\t\t\t<\/div>\n\t\t\t\t\t<\/div>\n\t\t\t\t<\/div>\n\t\t<div class=\"elementor-element elementor-element-60ca19c e-grid e-con-boxed e-con e-parent\" data-id=\"60ca19c\" data-element_type=\"container\" data-e-type=\"container\">\n\t\t\t\t\t<div class=\"e-con-inner\">\n\t\t\t\t<div class=\"elementor-element elementor-element-41498f8 elementor-view-stacked elementor-shape-circle elementor-position-block-start elementor-mobile-position-block-start elementor-invisible elementor-widget elementor-widget-icon-box\" data-id=\"41498f8\" data-element_type=\"widget\" data-e-type=\"widget\" data-settings=\"{&quot;_animation&quot;:&quot;fadeInLeft&quot;}\" data-widget_type=\"icon-box.default\">\n\t\t\t\t<div class=\"elementor-widget-container\">\n\t\t\t\t\t\t\t<div class=\"elementor-icon-box-wrapper\">\n\n\t\t\t\t\t\t<div class=\"elementor-icon-box-icon\">\n\t\t\t\t<a href=\"\/platform\" class=\"elementor-icon\" tabindex=\"-1\" aria-label=\"R1\">\n\t\t\t\t<svg aria-hidden=\"true\" class=\"e-font-icon-svg e-fas-rainbow\" viewBox=\"0 0 576 512\" xmlns=\"http:\/\/www.w3.org\/2000\/svg\"><path d=\"M268.3 32.7C115.4 42.9 0 176.9 0 330.2V464c0 8.8 7.2 16 16 16h32c8.8 0 16-7.2 16-16V320C64 186.8 180.9 80.3 317.5 97.9 430.4 112.4 512 214 512 327.8V464c0 8.8 7.2 16 16 16h32c8.8 0 16-7.2 16-16V320c0-165.3-140-298.6-307.7-287.3zm-5.6 96.9C166 142 96 229.1 96 326.7V464c0 8.8 7.2 16 16 16h32c8.8 0 16-7.2 16-16V320c0-74.8 64.5-134.8 140.8-127.4 66.5 6.5 115.2 66.2 115.2 133.1V464c0 8.8 7.2 16 16 16h32c8.8 0 16-7.2 16-16V320c0-114.2-100.2-205.4-217.3-190.4zm6.2 96.3c-45.6 8.9-76.9 51.5-76.9 97.9V464c0 8.8 7.2 16 16 16h32c8.8 0 16-7.2 16-16V320c0-17.6 14.3-32 32-32s32 14.4 32 32v144c0 8.8 7.2 16 16 16h32c8.8 0 16-7.2 16-16V320c0-59.2-53.8-106-115.1-94.1z\"><\/path><\/svg>\t\t\t\t<\/a>\n\t\t\t<\/div>\n\t\t\t\n\t\t\t\t\t\t<div class=\"elementor-icon-box-content\">\n\n\t\t\t\t\t\t\t\t\t<h3 class=\"elementor-icon-box-title\">\n\t\t\t\t\t\t<a href=\"\/platform\" >\n\t\t\t\t\t\t\tR1\t\t\t\t\t\t<\/a>\n\t\t\t\t\t<\/h3>\n\t\t\t\t\n\t\t\t\t\t\t\t\t\t<p class=\"elementor-icon-box-description\">\n\t\t\t\t\t\tUna piattaforma digitale per le risorse umane che consentir\u00e0 ai manager del turismo e dell\u2019ospitalit\u00e0\/agli esperti di risorse umane di monitorare e valutare le prestazioni e la soddisfazione lavorativa del personale autistico.\t\t\t\t\t<\/p>\n\t\t\t\t\n\t\t\t<\/div>\n\t\t\t\n\t\t<\/div>\n\t\t\t\t\t\t<\/div>\n\t\t\t\t<\/div>\n\t\t\t\t<div class=\"elementor-element elementor-element-c7e237a elementor-view-stacked elementor-shape-circle elementor-position-block-start elementor-mobile-position-block-start elementor-invisible elementor-widget elementor-widget-icon-box\" data-id=\"c7e237a\" data-element_type=\"widget\" data-e-type=\"widget\" data-settings=\"{&quot;_animation&quot;:&quot;fadeInUp&quot;}\" data-widget_type=\"icon-box.default\">\n\t\t\t\t<div class=\"elementor-widget-container\">\n\t\t\t\t\t\t\t<div class=\"elementor-icon-box-wrapper\">\n\n\t\t\t\t\t\t<div class=\"elementor-icon-box-icon\">\n\t\t\t\t<span  class=\"elementor-icon\">\n\t\t\t\t<svg aria-hidden=\"true\" class=\"e-font-icon-svg e-fas-rainbow\" viewBox=\"0 0 576 512\" xmlns=\"http:\/\/www.w3.org\/2000\/svg\"><path d=\"M268.3 32.7C115.4 42.9 0 176.9 0 330.2V464c0 8.8 7.2 16 16 16h32c8.8 0 16-7.2 16-16V320C64 186.8 180.9 80.3 317.5 97.9 430.4 112.4 512 214 512 327.8V464c0 8.8 7.2 16 16 16h32c8.8 0 16-7.2 16-16V320c0-165.3-140-298.6-307.7-287.3zm-5.6 96.9C166 142 96 229.1 96 326.7V464c0 8.8 7.2 16 16 16h32c8.8 0 16-7.2 16-16V320c0-74.8 64.5-134.8 140.8-127.4 66.5 6.5 115.2 66.2 115.2 133.1V464c0 8.8 7.2 16 16 16h32c8.8 0 16-7.2 16-16V320c0-114.2-100.2-205.4-217.3-190.4zm6.2 96.3c-45.6 8.9-76.9 51.5-76.9 97.9V464c0 8.8 7.2 16 16 16h32c8.8 0 16-7.2 16-16V320c0-17.6 14.3-32 32-32s32 14.4 32 32v144c0 8.8 7.2 16 16 16h32c8.8 0 16-7.2 16-16V320c0-59.2-53.8-106-115.1-94.1z\"><\/path><\/svg>\t\t\t\t<\/span>\n\t\t\t<\/div>\n\t\t\t\n\t\t\t\t\t\t<div class=\"elementor-icon-box-content\">\n\n\t\t\t\t\t\t\t\t\t<h3 class=\"elementor-icon-box-title\">\n\t\t\t\t\t\t<span  >\n\t\t\t\t\t\t\tR2\t\t\t\t\t\t<\/span>\n\t\t\t\t\t<\/h3>\n\t\t\t\t\n\t\t\t\t\t\t\t\t\t<p class=\"elementor-icon-box-description\">\n\t\t\t\t\t\tUna serie di strumenti innovativi, adattati alla natura del lavoro nel settore del turismo e dell\u2019ospitalit\u00e0, che saranno digitalizzati e integrati nella piattaforma HR.\t\t\t\t\t<\/p>\n\t\t\t\t\n\t\t\t<\/div>\n\t\t\t\n\t\t<\/div>\n\t\t\t\t\t\t<\/div>\n\t\t\t\t<\/div>\n\t\t\t\t<div class=\"elementor-element elementor-element-46971cb elementor-view-stacked elementor-shape-circle elementor-position-block-start elementor-mobile-position-block-start elementor-invisible elementor-widget elementor-widget-icon-box\" data-id=\"46971cb\" data-element_type=\"widget\" data-e-type=\"widget\" data-settings=\"{&quot;_animation&quot;:&quot;fadeInRight&quot;}\" data-widget_type=\"icon-box.default\">\n\t\t\t\t<div class=\"elementor-widget-container\">\n\t\t\t\t\t\t\t<div class=\"elementor-icon-box-wrapper\">\n\n\t\t\t\t\t\t<div class=\"elementor-icon-box-icon\">\n\t\t\t\t<span  class=\"elementor-icon\">\n\t\t\t\t<svg aria-hidden=\"true\" class=\"e-font-icon-svg e-fas-rainbow\" viewBox=\"0 0 576 512\" xmlns=\"http:\/\/www.w3.org\/2000\/svg\"><path d=\"M268.3 32.7C115.4 42.9 0 176.9 0 330.2V464c0 8.8 7.2 16 16 16h32c8.8 0 16-7.2 16-16V320C64 186.8 180.9 80.3 317.5 97.9 430.4 112.4 512 214 512 327.8V464c0 8.8 7.2 16 16 16h32c8.8 0 16-7.2 16-16V320c0-165.3-140-298.6-307.7-287.3zm-5.6 96.9C166 142 96 229.1 96 326.7V464c0 8.8 7.2 16 16 16h32c8.8 0 16-7.2 16-16V320c0-74.8 64.5-134.8 140.8-127.4 66.5 6.5 115.2 66.2 115.2 133.1V464c0 8.8 7.2 16 16 16h32c8.8 0 16-7.2 16-16V320c0-114.2-100.2-205.4-217.3-190.4zm6.2 96.3c-45.6 8.9-76.9 51.5-76.9 97.9V464c0 8.8 7.2 16 16 16h32c8.8 0 16-7.2 16-16V320c0-17.6 14.3-32 32-32s32 14.4 32 32v144c0 8.8 7.2 16 16 16h32c8.8 0 16-7.2 16-16V320c0-59.2-53.8-106-115.1-94.1z\"><\/path><\/svg>\t\t\t\t<\/span>\n\t\t\t<\/div>\n\t\t\t\n\t\t\t\t\t\t<div class=\"elementor-icon-box-content\">\n\n\t\t\t\t\t\t\t\t\t<h3 class=\"elementor-icon-box-title\">\n\t\t\t\t\t\t<span  >\n\t\t\t\t\t\t\tR3\t\t\t\t\t\t<\/span>\n\t\t\t\t\t<\/h3>\n\t\t\t\t\n\t\t\t\t\t\t\t\t\t<p class=\"elementor-icon-box-description\">\n\t\t\t\t\t\tUn corso di formazione professionale e materiale formativo per esperti e manager delle risorse umane del settore del turismo e ospitalit\u00e0.\t\t\t\t\t<\/p>\n\t\t\t\t\n\t\t\t<\/div>\n\t\t\t\n\t\t<\/div>\n\t\t\t\t\t\t<\/div>\n\t\t\t\t<\/div>\n\t\t\t\t\t<\/div>\n\t\t\t\t<\/div>\n\t\t<div class=\"elementor-element elementor-element-d09541b e-flex e-con-boxed e-con e-parent\" data-id=\"d09541b\" data-element_type=\"container\" data-e-type=\"container\">\n\t\t\t\t\t<div class=\"e-con-inner\">\n\t\t<div class=\"elementor-element elementor-element-438b19e e-grid e-con-boxed e-con e-child\" data-id=\"438b19e\" data-element_type=\"container\" data-e-type=\"container\">\n\t\t\t\t\t<div class=\"e-con-inner\">\n\t\t\t\t<div class=\"elementor-element elementor-element-855735d elementor-align-center elementor-widget elementor-widget-button\" data-id=\"855735d\" data-element_type=\"widget\" data-e-type=\"widget\" data-widget_type=\"button.default\">\n\t\t\t\t<div class=\"elementor-widget-container\">\n\t\t\t\t\t\t\t\t\t<div class=\"elementor-button-wrapper\">\n\t\t\t\t\t<a class=\"elementor-button elementor-button-link elementor-size-sm\" href=\"\/platform\" target=\"_blank\">\n\t\t\t\t\t\t<span class=\"elementor-button-content-wrapper\">\n\t\t\t\t\t\t\t\t\t<span class=\"elementor-button-text\">Apri<\/span>\n\t\t\t\t\t<\/span>\n\t\t\t\t\t<\/a>\n\t\t\t\t<\/div>\n\t\t\t\t\t\t\t\t<\/div>\n\t\t\t\t<\/div>\n\t\t\t\t<div class=\"elementor-element elementor-element-0eed918 elementor-align-center elementor-widget elementor-widget-button\" data-id=\"0eed918\" data-element_type=\"widget\" data-e-type=\"widget\" data-widget_type=\"button.default\">\n\t\t\t\t<div class=\"elementor-widget-container\">\n\t\t\t\t\t\t\t\t\t<div class=\"elementor-button-wrapper\">\n\t\t\t\t\t<a class=\"elementor-button elementor-button-link elementor-size-sm\" href=\"\/platform\" target=\"_blank\">\n\t\t\t\t\t\t<span class=\"elementor-button-content-wrapper\">\n\t\t\t\t\t\t\t\t\t<span class=\"elementor-button-text\">Apri<\/span>\n\t\t\t\t\t<\/span>\n\t\t\t\t\t<\/a>\n\t\t\t\t<\/div>\n\t\t\t\t\t\t\t\t<\/div>\n\t\t\t\t<\/div>\n\t\t\t\t<div class=\"elementor-element elementor-element-354a19f elementor-align-center elementor-widget elementor-widget-button\" data-id=\"354a19f\" data-element_type=\"widget\" data-e-type=\"widget\" data-widget_type=\"button.default\">\n\t\t\t\t<div class=\"elementor-widget-container\">\n\t\t\t\t\t\t\t\t\t<div class=\"elementor-button-wrapper\">\n\t\t\t\t\t<a class=\"elementor-button elementor-button-link elementor-size-sm\" href=\"https:\/\/perform.erasmus.site\/perform-wp5-methodology-and-curriculum\/\" target=\"_blank\">\n\t\t\t\t\t\t<span class=\"elementor-button-content-wrapper\">\n\t\t\t\t\t\t\t\t\t<span class=\"elementor-button-text\">Apri<\/span>\n\t\t\t\t\t<\/span>\n\t\t\t\t\t<\/a>\n\t\t\t\t<\/div>\n\t\t\t\t\t\t\t\t<\/div>\n\t\t\t\t<\/div>\n\t\t\t\t\t<\/div>\n\t\t\t\t<\/div>\n\t\t\t\t<div class=\"elementor-element elementor-element-61d7748 elementor-widget elementor-widget-menu-anchor\" data-id=\"61d7748\" data-element_type=\"widget\" data-e-type=\"widget\" data-widget_type=\"menu-anchor.default\">\n\t\t\t\t<div class=\"elementor-widget-container\">\n\t\t\t\t\t\t\t<div class=\"elementor-menu-anchor\" id=\"partners\"><\/div>\n\t\t\t\t\t\t<\/div>\n\t\t\t\t<\/div>\n\t\t\t\t<div class=\"elementor-element elementor-element-748282a elementor-widget elementor-widget-heading\" data-id=\"748282a\" data-element_type=\"widget\" data-e-type=\"widget\" data-widget_type=\"heading.default\">\n\t\t\t\t<div class=\"elementor-widget-container\">\n\t\t\t\t\t<h2 class=\"elementor-heading-title elementor-size-default\">Partnership<\/h2>\t\t\t\t<\/div>\n\t\t\t\t<\/div>\n\t\t\t\t\t<\/div>\n\t\t\t\t<\/div>\n\t\t<div class=\"elementor-element elementor-element-8cfbc77 e-grid e-con-boxed e-con e-parent\" data-id=\"8cfbc77\" data-element_type=\"container\" data-e-type=\"container\">\n\t\t\t\t\t<div class=\"e-con-inner\">\n\t\t\t\t<div class=\"elementor-element elementor-element-c1dfb1a elementor-invisible elementor-widget elementor-widget-text-editor\" data-id=\"c1dfb1a\" data-element_type=\"widget\" data-e-type=\"widget\" data-settings=\"{&quot;_animation&quot;:&quot;fadeInLeft&quot;}\" data-widget_type=\"text-editor.default\">\n\t\t\t\t<div class=\"elementor-widget-container\">\n\t\t\t\t\t\t\t\t\t<div class=\"paoc-pro-shortcode-preview paoc-copy-clipboard\">\r\n\t<div class=\"paoc-image-popup\">\r\n\t\t<a class=\"paoc-popup-click paoc-popup-cust-42 paoc-popup-image paoc-popup-image\" href=\"javascript:void(0);\"><img decoding=\"async\" class=\"popupaoc-img\" src=\"https:\/\/perform.erasmus.site\/wp-content\/uploads\/2024\/04\/romatre.webp\" alt=\"\" \/><\/a>\r\n\r\n\t\t\t<\/div>\r\n\r\n<\/div>\t\t\t\t\t\t\t\t<\/div>\n\t\t\t\t<\/div>\n\t\t\t\t<div class=\"elementor-element elementor-element-33ccfbf elementor-invisible elementor-widget elementor-widget-text-editor\" data-id=\"33ccfbf\" data-element_type=\"widget\" data-e-type=\"widget\" data-settings=\"{&quot;_animation&quot;:&quot;fadeInDown&quot;}\" data-widget_type=\"text-editor.default\">\n\t\t\t\t<div class=\"elementor-widget-container\">\n\t\t\t\t\t\t\t\t\t<div class=\"paoc-pro-shortcode-preview paoc-copy-clipboard\"><div class=\"paoc-pro-shortcode-preview paoc-copy-clipboard\">\r\n\t<div class=\"paoc-image-popup\">\r\n\t\t<a class=\"paoc-popup-click paoc-popup-cust-44 paoc-popup-image paoc-popup-image\" href=\"javascript:void(0);\"><img decoding=\"async\" class=\"popupaoc-img\" src=\"https:\/\/perform.erasmus.site\/wp-content\/uploads\/2024\/04\/dekaplus.webp\" alt=\"\" \/><\/a>\r\n\r\n\t\t\t<\/div>\r\n\r\n<\/div><\/div>\t\t\t\t\t\t\t\t<\/div>\n\t\t\t\t<\/div>\n\t\t\t\t<div class=\"elementor-element elementor-element-84f3118 elementor-invisible elementor-widget elementor-widget-text-editor\" data-id=\"84f3118\" data-element_type=\"widget\" data-e-type=\"widget\" data-settings=\"{&quot;_animation&quot;:&quot;fadeInRight&quot;}\" data-widget_type=\"text-editor.default\">\n\t\t\t\t<div class=\"elementor-widget-container\">\n\t\t\t\t\t\t\t\t\t<div class=\"paoc-pro-shortcode-preview paoc-copy-clipboard\"><div class=\"paoc-pro-shortcode-preview paoc-copy-clipboard\">\r\n\t<div class=\"paoc-image-popup\">\r\n\t\t<a class=\"paoc-popup-click paoc-popup-cust-46 paoc-popup-image paoc-popup-image\" href=\"javascript:void(0);\"><img decoding=\"async\" class=\"popupaoc-img\" src=\"https:\/\/perform.erasmus.site\/wp-content\/uploads\/2024\/04\/specialisterne.webp\" alt=\"\" \/><\/a>\r\n\r\n\t\t\t<\/div>\r\n\r\n<\/div><\/div>\t\t\t\t\t\t\t\t<\/div>\n\t\t\t\t<\/div>\n\t\t\t\t\t<\/div>\n\t\t\t\t<\/div>\n\t\t<div class=\"elementor-element elementor-element-3e2ea02 e-grid e-con-boxed e-con e-parent\" data-id=\"3e2ea02\" data-element_type=\"container\" data-e-type=\"container\">\n\t\t\t\t\t<div class=\"e-con-inner\">\n\t\t\t\t<div class=\"elementor-element elementor-element-f8b1094 elementor-invisible elementor-widget elementor-widget-text-editor\" data-id=\"f8b1094\" data-element_type=\"widget\" data-e-type=\"widget\" data-settings=\"{&quot;_animation&quot;:&quot;fadeInLeft&quot;}\" data-widget_type=\"text-editor.default\">\n\t\t\t\t<div class=\"elementor-widget-container\">\n\t\t\t\t\t\t\t\t\t<div class=\"paoc-pro-shortcode-preview paoc-copy-clipboard\"><div class=\"paoc-pro-shortcode-preview paoc-copy-clipboard\">\r\n\t<div class=\"paoc-image-popup\">\r\n\t\t<a class=\"paoc-popup-click paoc-popup-cust-48 paoc-popup-image paoc-popup-image\" href=\"javascript:void(0);\"><img decoding=\"async\" class=\"popupaoc-img\" src=\"https:\/\/perform.erasmus.site\/wp-content\/uploads\/2024\/04\/kallis.webp\" alt=\"\" \/><\/a>\r\n\r\n\t\t\t<\/div>\r\n\r\n<\/div><\/div>\t\t\t\t\t\t\t\t<\/div>\n\t\t\t\t<\/div>\n\t\t\t\t<div class=\"elementor-element elementor-element-c705898 elementor-invisible elementor-widget elementor-widget-text-editor\" data-id=\"c705898\" data-element_type=\"widget\" data-e-type=\"widget\" data-settings=\"{&quot;_animation&quot;:&quot;fadeInUp&quot;}\" data-widget_type=\"text-editor.default\">\n\t\t\t\t<div class=\"elementor-widget-container\">\n\t\t\t\t\t\t\t\t\t<div class=\"paoc-pro-shortcode-preview paoc-copy-clipboard\"><div class=\"paoc-pro-shortcode-preview paoc-copy-clipboard\"><div class=\"paoc-pro-shortcode-preview paoc-copy-clipboard\">\r\n\t<div class=\"paoc-image-popup\">\r\n\t\t<a class=\"paoc-popup-click paoc-popup-cust-50 paoc-popup-image paoc-popup-image\" href=\"javascript:void(0);\"><img decoding=\"async\" class=\"popupaoc-img\" src=\"https:\/\/perform.erasmus.site\/wp-content\/uploads\/2024\/04\/danmar.webp\" alt=\"\" \/><\/a>\r\n\r\n\t\t\t<\/div>\r\n\r\n<\/div><\/div><\/div>\t\t\t\t\t\t\t\t<\/div>\n\t\t\t\t<\/div>\n\t\t\t\t<div class=\"elementor-element elementor-element-2db8bb8 elementor-invisible elementor-widget elementor-widget-text-editor\" data-id=\"2db8bb8\" data-element_type=\"widget\" data-e-type=\"widget\" data-settings=\"{&quot;_animation&quot;:&quot;fadeInRight&quot;}\" data-widget_type=\"text-editor.default\">\n\t\t\t\t<div class=\"elementor-widget-container\">\n\t\t\t\t\t\t\t\t\t<div class=\"paoc-pro-shortcode-preview paoc-copy-clipboard\"><div class=\"paoc-pro-shortcode-preview paoc-copy-clipboard\"><div class=\"paoc-pro-shortcode-preview paoc-copy-clipboard\">\r\n\t<div class=\"paoc-image-popup\">\r\n\t\t<a class=\"paoc-popup-click paoc-popup-cust-52 paoc-popup-image paoc-popup-image\" href=\"javascript:void(0);\"><img decoding=\"async\" class=\"popupaoc-img\" src=\"https:\/\/perform.erasmus.site\/wp-content\/uploads\/2024\/04\/dias.webp\" alt=\"\" \/><\/a>\r\n\r\n\t\t\t<\/div>\r\n\r\n<\/div><\/div><\/div>\t\t\t\t\t\t\t\t<\/div>\n\t\t\t\t<\/div>\n\t\t\t\t\t<\/div>\n\t\t\t\t<\/div>\n\t\t\t\t<\/div>\n\t\t","protected":false},"excerpt":{"rendered":"<p>PERFORM: Sviluppo e fidelizzazione del personale autistico nell&#8217;ospitalit\u00e0 Istruzione e formazione professionale Numero Progetto: 2023-1-IT01-KA220-VET-000152721Durata del progetto 01.09.2023 \u2013 31.08.2025 Il progetto Il progetto PERFORM si propone di: Fornire al management e ai Dipartimenti Sviluppo Risorse Umane operanti nel settore del turismo e ospitalit\u00e0 la formazione e gli strumenti per migliorare l&#8217;inclusione, lo sviluppo e&hellip;&nbsp;<a href=\"https:\/\/perform.erasmus.site\/it\/\" rel=\"bookmark\">Leggi tutto &raquo;<span class=\"screen-reader-text\">Home<\/span><\/a><\/p>\n","protected":false},"author":1,"featured_media":0,"parent":0,"menu_order":0,"comment_status":"closed","ping_status":"closed","template":"page-templates\/template-pagebuilder-full-width.php","meta":{"neve_meta_sidebar":"","neve_meta_container":"","neve_meta_enable_content_width":"off","neve_meta_content_width":100,"neve_meta_title_alignment":"","neve_meta_author_avatar":"","neve_post_elements_order":"","neve_meta_disable_header":"","neve_meta_disable_footer":"","neve_meta_disable_title":"","footnotes":""},"class_list":["post-31","page","type-page","status-publish","hentry"],"_links":{"self":[{"href":"https:\/\/perform.erasmus.site\/it\/wp-json\/wp\/v2\/pages\/31","targetHints":{"allow":["GET"]}}],"collection":[{"href":"https:\/\/perform.erasmus.site\/it\/wp-json\/wp\/v2\/pages"}],"about":[{"href":"https:\/\/perform.erasmus.site\/it\/wp-json\/wp\/v2\/types\/page"}],"author":[{"embeddable":true,"href":"https:\/\/perform.erasmus.site\/it\/wp-json\/wp\/v2\/users\/1"}],"replies":[{"embeddable":true,"href":"https:\/\/perform.erasmus.site\/it\/wp-json\/wp\/v2\/comments?post=31"}],"version-history":[{"count":75,"href":"https:\/\/perform.erasmus.site\/it\/wp-json\/wp\/v2\/pages\/31\/revisions"}],"predecessor-version":[{"id":396,"href":"https:\/\/perform.erasmus.site\/it\/wp-json\/wp\/v2\/pages\/31\/revisions\/396"}],"wp:attachment":[{"href":"https:\/\/perform.erasmus.site\/it\/wp-json\/wp\/v2\/media?parent=31"}],"curies":[{"name":"wp","href":"https:\/\/api.w.org\/{rel}","templated":true}]}}